{"id":1004,"date":"2025-07-02T11:23:15","date_gmt":"2025-07-02T11:23:15","guid":{"rendered":"https:\/\/techacor.pt\/?page_id=1004"},"modified":"2025-11-25T16:26:57","modified_gmt":"2025-11-25T16:26:57","slug":"servicos","status":"publish","type":"page","link":"https:\/\/techacor.pt\/en\/servicos\/","title":{"rendered":"SERVICES"},"content":{"rendered":"<div data-elementor-type=\"wp-page\" data-elementor-id=\"1004\" class=\"elementor elementor-1004\">\n\t\t\t\t<div class=\"elementor-element elementor-element-75776fee e-con-full e-flex e-con e-parent\" data-id=\"75776fee\" data-element_type=\"container\" data-settings=\"{&quot;background_background&quot;:&quot;classic&quot;}\">\n\t\t<div class=\"elementor-element elementor-element-13a50f2a e-con-full e-flex e-con e-child\" data-id=\"13a50f2a\" data-element_type=\"container\">\n\t\t\t\t<div class=\"elementor-element elementor-element-6b330e7f elementor-invisible elementor-widget elementor-widget-heading\" data-id=\"6b330e7f\" data-element_type=\"widget\" data-settings=\"{&quot;_animation&quot;:&quot;fadeInLeft&quot;}\" data-widget_type=\"heading.default\">\n\t\t\t\t<div class=\"elementor-widget-container\">\n\t\t\t\t\t<h1 class=\"elementor-heading-title elementor-size-default\">Services<\/h1>\t\t\t\t<\/div>\n\t\t\t\t<\/div>\n\t\t\t\t<\/div>\n\t\t\t\t<\/div>\n\t\t<div class=\"elementor-element elementor-element-378f910 e-flex e-con-boxed e-con e-parent\" data-id=\"378f910\" data-element_type=\"container\">\n\t\t\t\t\t<div class=\"e-con-inner\">\n\t\t\t\t<div class=\"elementor-element elementor-element-30df683 elementor-invisible elementor-widget elementor-widget-heading\" data-id=\"30df683\" data-element_type=\"widget\" data-settings=\"{&quot;_animation&quot;:&quot;fadeInUp&quot;}\" data-widget_type=\"heading.default\">\n\t\t\t\t<div class=\"elementor-widget-container\">\n\t\t\t\t\t<h2 class=\"elementor-heading-title elementor-size-default\">The right solutions for every installation.<\/h2>\t\t\t\t<\/div>\n\t\t\t\t<\/div>\n\t\t\t\t<div class=\"elementor-element elementor-element-fcfa064 elementor-invisible elementor-widget elementor-widget-heading\" data-id=\"fcfa064\" data-element_type=\"widget\" data-settings=\"{&quot;_animation&quot;:&quot;fadeInUp&quot;}\" data-widget_type=\"heading.default\">\n\t\t\t\t<div class=\"elementor-widget-container\">\n\t\t\t\t\t<p class=\"elementor-heading-title elementor-size-default\">At Tech A\u00e7or, we put our technical expertise at the service of those seeking efficiency, safety, and comfort. We operate in various areas of specialization, providing complete services from planning to installation, using certified materials, a qualified team, and full support.\n<\/p>\t\t\t\t<\/div>\n\t\t\t\t<\/div>\n\t\t\t\t\t<\/div>\n\t\t\t\t<\/div>\n\t\t<div class=\"elementor-element elementor-element-58d43d1a e-con-full e-flex e-con e-parent\" data-id=\"58d43d1a\" data-element_type=\"container\" data-settings=\"{&quot;background_background&quot;:&quot;classic&quot;}\">\n\t\t<div class=\"elementor-element elementor-element-5cc658d1 e-con-full e-flex e-con e-child\" data-id=\"5cc658d1\" data-element_type=\"container\">\n\t\t\t\t<div class=\"elementor-element elementor-element-321f7ea elementor-invisible elementor-widget elementor-widget-image\" data-id=\"321f7ea\" data-element_type=\"widget\" data-settings=\"{&quot;_animation&quot;:&quot;fadeInLeft&quot;}\" data-widget_type=\"image.default\">\n\t\t\t\t<div class=\"elementor-widget-container\">\n\t\t\t\t\t\t\t\t\t\t\t\t\t\t\t<img fetchpriority=\"high\" decoding=\"async\" width=\"800\" height=\"534\" src=\"https:\/\/techacor.pt\/wp-content\/uploads\/2025\/08\/ib-julmgzo-1024x683.jpg\" class=\"attachment-large size-large wp-image-1449\" alt=\"rectangular white device\" srcset=\"https:\/\/techacor.pt\/wp-content\/uploads\/2025\/08\/ib-julmgzo-1024x683.jpg 1024w, https:\/\/techacor.pt\/wp-content\/uploads\/2025\/08\/ib-julmgzo-300x200.jpg 300w, https:\/\/techacor.pt\/wp-content\/uploads\/2025\/08\/ib-julmgzo-768x512.jpg 768w, https:\/\/techacor.pt\/wp-content\/uploads\/2025\/08\/ib-julmgzo-1536x1024.jpg 1536w, https:\/\/techacor.pt\/wp-content\/uploads\/2025\/08\/ib-julmgzo.jpg 1600w\" sizes=\"(max-width: 800px) 100vw, 800px\" \/>\t\t\t\t\t\t\t\t\t\t\t\t\t\t\t<\/div>\n\t\t\t\t<\/div>\n\t\t\t\t<\/div>\n\t\t<div class=\"elementor-element elementor-element-5d6ef2ea e-con-full e-flex e-con e-child\" data-id=\"5d6ef2ea\" data-element_type=\"container\">\n\t\t\t\t<div class=\"elementor-element elementor-element-7215c61b elementor-invisible elementor-widget elementor-widget-heading\" data-id=\"7215c61b\" data-element_type=\"widget\" data-settings=\"{&quot;_animation&quot;:&quot;fadeInRight&quot;}\" data-widget_type=\"heading.default\">\n\t\t\t\t<div class=\"elementor-widget-container\">\n\t\t\t\t\t<h2 class=\"elementor-heading-title elementor-size-default\">1.Air conditioning<\/h2>\t\t\t\t<\/div>\n\t\t\t\t<\/div>\n\t\t\t\t<div class=\"elementor-element elementor-element-8b1cfb8 elementor-invisible elementor-widget elementor-widget-heading\" data-id=\"8b1cfb8\" data-element_type=\"widget\" data-settings=\"{&quot;_animation&quot;:&quot;fadeInRight&quot;}\" data-widget_type=\"heading.default\">\n\t\t\t\t<div class=\"elementor-widget-container\">\n\t\t\t\t\t<h2 class=\"elementor-heading-title elementor-size-default\">We install air conditioning systems that guarantee thermal comfort throughout the year, adapted to the needs of each space and client.<\/h2>\t\t\t\t<\/div>\n\t\t\t\t<\/div>\n\t\t\t\t<div class=\"elementor-element elementor-element-d696893 elementor-invisible elementor-widget elementor-widget-text-editor\" data-id=\"d696893\" data-element_type=\"widget\" data-settings=\"{&quot;_animation&quot;:&quot;fadeInRight&quot;}\" data-widget_type=\"text-editor.default\">\n\t\t\t\t<div class=\"elementor-widget-container\">\n\t\t\t\t\t\t\t\t\t<ul>\n<li data-start=\"885\" data-end=\"940\">\n<p data-start=\"887\" data-end=\"940\">Air conditioning (split, multisplit, cassette, ducted)<\/p>\n<\/li>\n<li data-start=\"941\" data-end=\"958\">\n<p data-start=\"943\" data-end=\"958\">Heat pumps<\/p>\n<\/li>\n<li data-start=\"959\" data-end=\"977\">\n<p data-start=\"961\" data-end=\"977\">VRF\/VRV Systems<\/p>\n<\/li>\n<li data-start=\"978\" data-end=\"1007\">\n<p data-start=\"980\" data-end=\"1007\">Ventilation and air extraction<\/p>\n<\/li>\n<li data-start=\"1008\" data-end=\"1049\">\n<p data-start=\"1010\" data-end=\"1049\">Pre-installations and preventive maintenance<\/p>\n<\/li>\n<\/ul>\t\t\t\t\t\t\t\t<\/div>\n\t\t\t\t<\/div>\n\t\t\t\t<\/div>\n\t\t\t\t<\/div>\n\t\t<div class=\"elementor-element elementor-element-1f629c7 e-con-full e-flex e-con e-parent\" data-id=\"1f629c7\" data-element_type=\"container\" data-settings=\"{&quot;background_background&quot;:&quot;classic&quot;}\">\n\t\t<div class=\"elementor-element elementor-element-d35139b e-con-full e-flex e-con e-child\" data-id=\"d35139b\" data-element_type=\"container\">\n\t\t\t\t<div class=\"elementor-element elementor-element-846ace9 elementor-invisible elementor-widget elementor-widget-heading\" data-id=\"846ace9\" data-element_type=\"widget\" data-settings=\"{&quot;_animation&quot;:&quot;fadeInLeft&quot;}\" data-widget_type=\"heading.default\">\n\t\t\t\t<div class=\"elementor-widget-container\">\n\t\t\t\t\t<h2 class=\"elementor-heading-title elementor-size-default\">2. Electrical Installations<\/h2>\t\t\t\t<\/div>\n\t\t\t\t<\/div>\n\t\t\t\t<div class=\"elementor-element elementor-element-dc44df1 elementor-invisible elementor-widget elementor-widget-heading\" data-id=\"dc44df1\" data-element_type=\"widget\" data-settings=\"{&quot;_animation&quot;:&quot;fadeInLeft&quot;}\" data-widget_type=\"heading.default\">\n\t\t\t\t<div class=\"elementor-widget-container\">\n\t\t\t\t\t<h2 class=\"elementor-heading-title elementor-size-default\">We design and execute electrical installations with complete safety and compliance with current regulations, both in new construction and renovations.<\/h2>\t\t\t\t<\/div>\n\t\t\t\t<\/div>\n\t\t\t\t<div class=\"elementor-element elementor-element-db196db elementor-invisible elementor-widget elementor-widget-text-editor\" data-id=\"db196db\" data-element_type=\"widget\" data-settings=\"{&quot;_animation&quot;:&quot;fadeInLeft&quot;}\" data-widget_type=\"text-editor.default\">\n\t\t\t\t<div class=\"elementor-widget-container\">\n\t\t\t\t\t\t\t\t\t<ul><li data-start=\"1311\" data-end=\"1355\"><p data-start=\"1313\" data-end=\"1355\">Residential and industrial electrical networks<\/p><\/li><li data-start=\"1356\" data-end=\"1390\"><p data-start=\"1358\" data-end=\"1390\">Electrical panels and automation systems<\/p><\/li><li data-start=\"1391\" data-end=\"1423\"><p data-start=\"1393\" data-end=\"1423\">Indoor and outdoor lighting<\/p><\/li><li data-start=\"1424\" data-end=\"1469\"><p data-start=\"1426\" data-end=\"1469\">Sockets, switches and special connections<\/p><\/li><li data-start=\"1470\" data-end=\"1503\"><p data-start=\"1472\" data-end=\"1503\">Certification and technical testing<\/p><\/li><\/ul>\t\t\t\t\t\t\t\t<\/div>\n\t\t\t\t<\/div>\n\t\t\t\t<\/div>\n\t\t<div class=\"elementor-element elementor-element-2ef772a e-con-full e-flex e-con e-child\" data-id=\"2ef772a\" data-element_type=\"container\">\n\t\t\t\t<div class=\"elementor-element elementor-element-476e2dc elementor-invisible elementor-widget elementor-widget-image\" data-id=\"476e2dc\" data-element_type=\"widget\" data-settings=\"{&quot;_animation&quot;:&quot;fadeInRight&quot;}\" data-widget_type=\"image.default\">\n\t\t\t\t<div class=\"elementor-widget-container\">\n\t\t\t\t\t\t\t\t\t\t\t\t\t\t\t<img decoding=\"async\" width=\"800\" height=\"534\" src=\"https:\/\/techacor.pt\/wp-content\/uploads\/2025\/08\/mz2cfzfudhk-1024x683.jpg\" class=\"attachment-large size-large wp-image-1450\" alt=\"silver and brown metal frame\" srcset=\"https:\/\/techacor.pt\/wp-content\/uploads\/2025\/08\/mz2cfzfudhk-1024x683.jpg 1024w, https:\/\/techacor.pt\/wp-content\/uploads\/2025\/08\/mz2cfzfudhk-300x200.jpg 300w, https:\/\/techacor.pt\/wp-content\/uploads\/2025\/08\/mz2cfzfudhk-768x512.jpg 768w, https:\/\/techacor.pt\/wp-content\/uploads\/2025\/08\/mz2cfzfudhk-1536x1024.jpg 1536w, https:\/\/techacor.pt\/wp-content\/uploads\/2025\/08\/mz2cfzfudhk.jpg 1600w\" sizes=\"(max-width: 800px) 100vw, 800px\" \/>\t\t\t\t\t\t\t\t\t\t\t\t\t\t\t<\/div>\n\t\t\t\t<\/div>\n\t\t\t\t<\/div>\n\t\t\t\t<\/div>\n\t\t<div class=\"elementor-element elementor-element-6bde495 e-con-full e-flex e-con e-parent\" data-id=\"6bde495\" data-element_type=\"container\" data-settings=\"{&quot;background_background&quot;:&quot;classic&quot;}\">\n\t\t<div class=\"elementor-element elementor-element-87e2260 e-con-full e-flex e-con e-child\" data-id=\"87e2260\" data-element_type=\"container\">\n\t\t\t\t<div class=\"elementor-element elementor-element-4ef4e4f elementor-invisible elementor-widget elementor-widget-image\" data-id=\"4ef4e4f\" data-element_type=\"widget\" data-settings=\"{&quot;_animation&quot;:&quot;fadeInLeft&quot;}\" data-widget_type=\"image.default\">\n\t\t\t\t<div class=\"elementor-widget-container\">\n\t\t\t\t\t\t\t\t\t\t\t\t\t\t\t<img decoding=\"async\" width=\"800\" height=\"533\" src=\"https:\/\/techacor.pt\/wp-content\/uploads\/2025\/08\/513dbrmj_5w-1024x682.jpg\" class=\"attachment-large size-large wp-image-1452\" alt=\"solar panels on green field\" srcset=\"https:\/\/techacor.pt\/wp-content\/uploads\/2025\/08\/513dbrmj_5w-1024x682.jpg 1024w, https:\/\/techacor.pt\/wp-content\/uploads\/2025\/08\/513dbrmj_5w-300x200.jpg 300w, https:\/\/techacor.pt\/wp-content\/uploads\/2025\/08\/513dbrmj_5w-768x511.jpg 768w, https:\/\/techacor.pt\/wp-content\/uploads\/2025\/08\/513dbrmj_5w-1536x1022.jpg 1536w, https:\/\/techacor.pt\/wp-content\/uploads\/2025\/08\/513dbrmj_5w.jpg 1600w\" sizes=\"(max-width: 800px) 100vw, 800px\" \/>\t\t\t\t\t\t\t\t\t\t\t\t\t\t\t<\/div>\n\t\t\t\t<\/div>\n\t\t\t\t<\/div>\n\t\t<div class=\"elementor-element elementor-element-1a66f5e e-con-full e-flex e-con e-child\" data-id=\"1a66f5e\" data-element_type=\"container\">\n\t\t\t\t<div class=\"elementor-element elementor-element-03efba5 elementor-invisible elementor-widget elementor-widget-heading\" data-id=\"03efba5\" data-element_type=\"widget\" data-settings=\"{&quot;_animation&quot;:&quot;fadeInRight&quot;}\" data-widget_type=\"heading.default\">\n\t\t\t\t<div class=\"elementor-widget-container\">\n\t\t\t\t\t<h2 class=\"elementor-heading-title elementor-size-default\"> 3. Other Technical Installations\n<\/h2>\t\t\t\t<\/div>\n\t\t\t\t<\/div>\n\t\t\t\t<div class=\"elementor-element elementor-element-ab67f36 elementor-invisible elementor-widget elementor-widget-heading\" data-id=\"ab67f36\" data-element_type=\"widget\" data-settings=\"{&quot;_animation&quot;:&quot;fadeInRight&quot;}\" data-widget_type=\"heading.default\">\n\t\t\t\t<div class=\"elementor-widget-container\">\n\t\t\t\t\t<h2 class=\"elementor-heading-title elementor-size-default\">We install comfort, with technology and reliability.<\/h2>\t\t\t\t<\/div>\n\t\t\t\t<\/div>\n\t\t\t\t<div class=\"elementor-element elementor-element-c8daf76 elementor-invisible elementor-widget elementor-widget-text-editor\" data-id=\"c8daf76\" data-element_type=\"widget\" data-settings=\"{&quot;_animation&quot;:&quot;fadeInRight&quot;}\" data-widget_type=\"text-editor.default\">\n\t\t\t\t<div class=\"elementor-widget-container\">\n\t\t\t\t\t\t\t\t\t<ul><li data-start=\"2155\" data-end=\"2197\"><p data-start=\"2157\" data-end=\"2197\">Technical pre-installations during the construction phase.<\/p><\/li><li data-start=\"2198\" data-end=\"2255\"><p data-start=\"2200\" data-end=\"2255\">Solar energy and water heating infrastructure<\/p><\/li><li data-start=\"2256\" data-end=\"2298\"><p data-start=\"2258\" data-end=\"2298\">Fire detection systems (basic)<\/p><\/li><li data-start=\"2299\" data-end=\"2340\"><p data-start=\"2301\" data-end=\"2340\">Technical passages and embedded piping<\/p><\/li><li data-start=\"2341\" data-end=\"2381\"><p data-start=\"2343\" data-end=\"2381\">Integration with home automation (upon request)<\/p><\/li><\/ul>\t\t\t\t\t\t\t\t<\/div>\n\t\t\t\t<\/div>\n\t\t\t\t<\/div>\n\t\t\t\t<\/div>\n\t\t<div class=\"elementor-element elementor-element-9870df0 e-con-full e-flex e-con e-parent\" data-id=\"9870df0\" data-element_type=\"container\" data-settings=\"{&quot;background_background&quot;:&quot;classic&quot;}\">\n\t\t\t\t<div class=\"elementor-element elementor-element-d0ed339 elementor-widget elementor-widget-heading\" data-id=\"d0ed339\" data-element_type=\"widget\" data-widget_type=\"heading.default\">\n\t\t\t\t<div class=\"elementor-widget-container\">\n\t\t\t\t\t<h2 class=\"elementor-heading-title elementor-size-default\">Need a budget <br> or technical advice? \n<\/h2>\t\t\t\t<\/div>\n\t\t\t\t<\/div>\n\t\t\t\t<div class=\"elementor-element elementor-element-f7094e5 elementor-invisible elementor-widget elementor-widget-heading\" data-id=\"f7094e5\" data-element_type=\"widget\" data-settings=\"{&quot;_animation&quot;:&quot;fadeInUp&quot;}\" data-widget_type=\"heading.default\">\n\t\t\t\t<div class=\"elementor-widget-container\">\n\t\t\t\t\t<h3 class=\"elementor-heading-title elementor-size-default\">Our team is ready to help.<\/h3>\t\t\t\t<\/div>\n\t\t\t\t<\/div>\n\t\t\t\t<div class=\"elementor-element elementor-element-9bc9f3d elementor-align-center elementor-invisible elementor-widget elementor-widget-button\" data-id=\"9bc9f3d\" data-element_type=\"widget\" data-settings=\"{&quot;_animation&quot;:&quot;fadeInUp&quot;}\" data-widget_type=\"button.default\">\n\t\t\t\t<div class=\"elementor-widget-container\">\n\t\t\t\t\t\t\t\t\t<div class=\"elementor-button-wrapper\">\n\t\t\t\t\t<a class=\"elementor-button elementor-button-link elementor-size-sm\" href=\"mailto:techacor.s@gmail.com\">\n\t\t\t\t\t\t<span class=\"elementor-button-content-wrapper\">\n\t\t\t\t\t\t\t\t\t<span class=\"elementor-button-text\">REQUEST A QUOTE<\/span>\n\t\t\t\t\t<\/span>\n\t\t\t\t\t<\/a>\n\t\t\t\t<\/div>\n\t\t\t\t\t\t\t\t<\/div>\n\t\t\t\t<\/div>\n\t\t\t\t<\/div>\n\t\t\t\t<\/div>","protected":false},"excerpt":{"rendered":"<p>Servi\u00e7os As solu\u00e7\u00f5es certas para cada instala\u00e7\u00e3o. Na Tech A\u00e7or colocamos o nosso conhecimento t\u00e9cnico ao servi\u00e7o de quem procura efici\u00eancia, seguran\u00e7a e conforto. Atuamos em diversas \u00e1reas de especializa\u00e7\u00e3o, prestando servi\u00e7os completos, do planeamento \u00e0 instala\u00e7\u00e3o, com materiais certificados, equipa qualificada e total acompanhamento. 1.Climatiza\u00e7\u00e3o Instalamos sistemas de climatiza\u00e7\u00e3o que garantem conforto t\u00e9rmico durante [&hellip;]<\/p>","protected":false},"author":1,"featured_media":0,"parent":0,"menu_order":0,"comment_status":"closed","ping_status":"closed","template":"elementor_header_footer","meta":{"footnotes":""},"class_list":["post-1004","page","type-page","status-publish","hentry"],"yoast_head":"<!-- This site is optimized with the Yoast SEO Premium plugin v21.3 (Yoast SEO v21.3) - https:\/\/yoast.com\/wordpress\/plugins\/seo\/ -->\n<title>SERVI\u00c7OS - Tech A\u00e7or<\/title>\n<meta name=\"description\" content=\"Prestamos servi\u00e7os completos, do planeamento \u00e0 instala\u00e7\u00e3o, com materiais certificados, equipa qualificada e total acompanhamento.\" \/>\n<meta name=\"robots\" content=\"index, follow, max-snippet:-1, max-image-preview:large, max-video-preview:-1\" \/>\n<link rel=\"canonical\" href=\"https:\/\/techacor.pt\/en\/servicos\/\" \/>\n<meta property=\"og:locale\" content=\"en_GB\" \/>\n<meta property=\"og:type\" content=\"article\" \/>\n<meta property=\"og:title\" content=\"SERVI\u00c7OS\" \/>\n<meta property=\"og:description\" content=\"Prestamos servi\u00e7os completos, do planeamento \u00e0 instala\u00e7\u00e3o, com materiais certificados, equipa qualificada e total acompanhamento.\" \/>\n<meta property=\"og:url\" content=\"https:\/\/techacor.pt\/en\/servicos\/\" \/>\n<meta property=\"og:site_name\" content=\"Tech A\u00e7or\" \/>\n<meta property=\"article:publisher\" content=\"https:\/\/www.facebook.com\/profile.php?id=61576786123687\" \/>\n<meta property=\"article:modified_time\" content=\"2025-11-25T16:26:57+00:00\" \/>\n<meta property=\"og:image\" content=\"https:\/\/techacor.pt\/wp-content\/uploads\/2025\/08\/ib-julmgzo-1024x683.jpg\" \/>\n<meta name=\"twitter:card\" content=\"summary_large_image\" \/>\n<meta name=\"twitter:label1\" content=\"Estimated reading time\" \/>\n\t<meta name=\"twitter:data1\" content=\"2 minutes\" \/>\n<script type=\"application\/ld+json\" class=\"yoast-schema-graph\">{\"@context\":\"https:\/\/schema.org\",\"@graph\":[{\"@type\":\"WebPage\",\"@id\":\"https:\/\/techacor.pt\/servicos\/\",\"url\":\"https:\/\/techacor.pt\/servicos\/\",\"name\":\"SERVI\u00c7OS - Tech A\u00e7or\",\"isPartOf\":{\"@id\":\"https:\/\/techacor.pt\/#website\"},\"datePublished\":\"2025-07-02T11:23:15+00:00\",\"dateModified\":\"2025-11-25T16:26:57+00:00\",\"description\":\"Prestamos servi\u00e7os completos, do planeamento \u00e0 instala\u00e7\u00e3o, com materiais certificados, equipa qualificada e total acompanhamento.\",\"breadcrumb\":{\"@id\":\"https:\/\/techacor.pt\/servicos\/#breadcrumb\"},\"inLanguage\":\"en-GB\",\"potentialAction\":[{\"@type\":\"ReadAction\",\"target\":[\"https:\/\/techacor.pt\/servicos\/\"]}]},{\"@type\":\"BreadcrumbList\",\"@id\":\"https:\/\/techacor.pt\/servicos\/#breadcrumb\",\"itemListElement\":[{\"@type\":\"ListItem\",\"position\":1,\"name\":\"Home\",\"item\":\"https:\/\/techacor.pt\/\"},{\"@type\":\"ListItem\",\"position\":2,\"name\":\"SERVI\u00c7OS\"}]},{\"@type\":\"WebSite\",\"@id\":\"https:\/\/techacor.pt\/#website\",\"url\":\"https:\/\/techacor.pt\/\",\"name\":\"Tech A\u00e7or\",\"description\":\"Tecnologia e conforto para a sua casa ou empresa.\",\"publisher\":{\"@id\":\"https:\/\/techacor.pt\/#organization\"},\"potentialAction\":[{\"@type\":\"SearchAction\",\"target\":{\"@type\":\"EntryPoint\",\"urlTemplate\":\"https:\/\/techacor.pt\/?s={search_term_string}\"},\"query-input\":\"required name=search_term_string\"}],\"inLanguage\":\"en-GB\"},{\"@type\":\"Organization\",\"@id\":\"https:\/\/techacor.pt\/#organization\",\"name\":\"Vitor Manuel Silveira, Unipessoal Lda\",\"alternateName\":\"Vitor Manuel Silveira\",\"url\":\"https:\/\/techacor.pt\/\",\"logo\":{\"@type\":\"ImageObject\",\"inLanguage\":\"en-GB\",\"@id\":\"https:\/\/techacor.pt\/#\/schema\/logo\/image\/\",\"url\":\"https:\/\/techacor.pt\/wp-content\/uploads\/2025\/07\/cropped-techacor-logo-vertical_perfil2-scaled-e1751897597993.png\",\"contentUrl\":\"https:\/\/techacor.pt\/wp-content\/uploads\/2025\/07\/cropped-techacor-logo-vertical_perfil2-scaled-e1751897597993.png\",\"width\":512,\"height\":512,\"caption\":\"Vitor Manuel Silveira, Unipessoal Lda\"},\"image\":{\"@id\":\"https:\/\/techacor.pt\/#\/schema\/logo\/image\/\"},\"sameAs\":[\"https:\/\/www.facebook.com\/profile.php?id=61576786123687\",\"https:\/\/www.instagram.com\/techacor.solucoes\/\"]}]}<\/script>\n<!-- \/ Yoast SEO Premium plugin. -->","yoast_head_json":{"title":"SERVI\u00c7OS - Tech A\u00e7or","description":"Prestamos servi\u00e7os completos, do planeamento \u00e0 instala\u00e7\u00e3o, com materiais certificados, equipa qualificada e total acompanhamento.","robots":{"index":"index","follow":"follow","max-snippet":"max-snippet:-1","max-image-preview":"max-image-preview:large","max-video-preview":"max-video-preview:-1"},"canonical":"https:\/\/techacor.pt\/en\/servicos\/","og_locale":"en_GB","og_type":"article","og_title":"SERVI\u00c7OS","og_description":"Prestamos servi\u00e7os completos, do planeamento \u00e0 instala\u00e7\u00e3o, com materiais certificados, equipa qualificada e total acompanhamento.","og_url":"https:\/\/techacor.pt\/en\/servicos\/","og_site_name":"Tech A\u00e7or","article_publisher":"https:\/\/www.facebook.com\/profile.php?id=61576786123687","article_modified_time":"2025-11-25T16:26:57+00:00","og_image":[{"url":"https:\/\/techacor.pt\/wp-content\/uploads\/2025\/08\/ib-julmgzo-1024x683.jpg"}],"twitter_card":"summary_large_image","twitter_misc":{"Estimated reading time":"2 minutes"},"schema":{"@context":"https:\/\/schema.org","@graph":[{"@type":"WebPage","@id":"https:\/\/techacor.pt\/servicos\/","url":"https:\/\/techacor.pt\/servicos\/","name":"SERVI\u00c7OS - Tech A\u00e7or","isPartOf":{"@id":"https:\/\/techacor.pt\/#website"},"datePublished":"2025-07-02T11:23:15+00:00","dateModified":"2025-11-25T16:26:57+00:00","description":"Prestamos servi\u00e7os completos, do planeamento \u00e0 instala\u00e7\u00e3o, com materiais certificados, equipa qualificada e total acompanhamento.","breadcrumb":{"@id":"https:\/\/techacor.pt\/servicos\/#breadcrumb"},"inLanguage":"en-GB","potentialAction":[{"@type":"ReadAction","target":["https:\/\/techacor.pt\/servicos\/"]}]},{"@type":"BreadcrumbList","@id":"https:\/\/techacor.pt\/servicos\/#breadcrumb","itemListElement":[{"@type":"ListItem","position":1,"name":"Home","item":"https:\/\/techacor.pt\/"},{"@type":"ListItem","position":2,"name":"SERVI\u00c7OS"}]},{"@type":"WebSite","@id":"https:\/\/techacor.pt\/#website","url":"https:\/\/techacor.pt\/","name":"Tech A\u00e7or","description":"Tecnologia e conforto para a sua casa ou empresa.","publisher":{"@id":"https:\/\/techacor.pt\/#organization"},"potentialAction":[{"@type":"SearchAction","target":{"@type":"EntryPoint","urlTemplate":"https:\/\/techacor.pt\/?s={search_term_string}"},"query-input":"required name=search_term_string"}],"inLanguage":"en-GB"},{"@type":"Organization","@id":"https:\/\/techacor.pt\/#organization","name":"Vitor Manuel Silveira, Unipessoal Lda","alternateName":"Vitor Manuel Silveira","url":"https:\/\/techacor.pt\/","logo":{"@type":"ImageObject","inLanguage":"en-GB","@id":"https:\/\/techacor.pt\/#\/schema\/logo\/image\/","url":"https:\/\/techacor.pt\/wp-content\/uploads\/2025\/07\/cropped-techacor-logo-vertical_perfil2-scaled-e1751897597993.png","contentUrl":"https:\/\/techacor.pt\/wp-content\/uploads\/2025\/07\/cropped-techacor-logo-vertical_perfil2-scaled-e1751897597993.png","width":512,"height":512,"caption":"Vitor Manuel Silveira, Unipessoal Lda"},"image":{"@id":"https:\/\/techacor.pt\/#\/schema\/logo\/image\/"},"sameAs":["https:\/\/www.facebook.com\/profile.php?id=61576786123687","https:\/\/www.instagram.com\/techacor.solucoes\/"]}]}},"_links":{"self":[{"href":"https:\/\/techacor.pt\/en\/wp-json\/wp\/v2\/pages\/1004","targetHints":{"allow":["GET"]}}],"collection":[{"href":"https:\/\/techacor.pt\/en\/wp-json\/wp\/v2\/pages"}],"about":[{"href":"https:\/\/techacor.pt\/en\/wp-json\/wp\/v2\/types\/page"}],"author":[{"embeddable":true,"href":"https:\/\/techacor.pt\/en\/wp-json\/wp\/v2\/users\/1"}],"replies":[{"embeddable":true,"href":"https:\/\/techacor.pt\/en\/wp-json\/wp\/v2\/comments?post=1004"}],"version-history":[{"count":60,"href":"https:\/\/techacor.pt\/en\/wp-json\/wp\/v2\/pages\/1004\/revisions"}],"predecessor-version":[{"id":1610,"href":"https:\/\/techacor.pt\/en\/wp-json\/wp\/v2\/pages\/1004\/revisions\/1610"}],"wp:attachment":[{"href":"https:\/\/techacor.pt\/en\/wp-json\/wp\/v2\/media?parent=1004"}],"curies":[{"name":"wp","href":"https:\/\/api.w.org\/{rel}","templated":true}]}}