{"id":998,"date":"2025-07-02T11:22:17","date_gmt":"2025-07-02T11:22:17","guid":{"rendered":"https:\/\/techacor.pt\/?page_id=998"},"modified":"2025-11-25T16:21:52","modified_gmt":"2025-11-25T16:21:52","slug":"sobre","status":"publish","type":"page","link":"https:\/\/techacor.pt\/en\/sobre\/","title":{"rendered":"ABOUT"},"content":{"rendered":"<div data-elementor-type=\"wp-page\" data-elementor-id=\"998\" class=\"elementor elementor-998\">\n\t\t\t\t<div class=\"elementor-element elementor-element-36ce27d1 e-con-full e-flex e-con e-parent\" data-id=\"36ce27d1\" data-element_type=\"container\" data-settings=\"{&quot;background_background&quot;:&quot;classic&quot;}\">\n\t\t<div class=\"elementor-element elementor-element-2b3d38b4 e-con-full e-flex e-con e-child\" data-id=\"2b3d38b4\" data-element_type=\"container\">\n\t\t\t\t<div class=\"elementor-element elementor-element-389e40d3 elementor-invisible elementor-widget elementor-widget-heading\" data-id=\"389e40d3\" data-element_type=\"widget\" data-settings=\"{&quot;_animation&quot;:&quot;fadeInLeft&quot;}\" data-widget_type=\"heading.default\">\n\t\t\t\t<div class=\"elementor-widget-container\">\n\t\t\t\t\t<h2 class=\"elementor-heading-title elementor-size-default\">About us<\/h2>\t\t\t\t<\/div>\n\t\t\t\t<\/div>\n\t\t\t\t<\/div>\n\t\t\t\t<\/div>\n\t\t<div class=\"elementor-element elementor-element-17d086fc e-con-full e-flex e-con e-parent\" data-id=\"17d086fc\" data-element_type=\"container\" data-settings=\"{&quot;background_background&quot;:&quot;classic&quot;}\">\n\t\t<div class=\"elementor-element elementor-element-efff4c7 e-con-full e-flex e-con e-child\" data-id=\"efff4c7\" data-element_type=\"container\">\n\t\t\t\t<div class=\"elementor-element elementor-element-1c083ad9 elementor-invisible elementor-widget elementor-widget-heading\" data-id=\"1c083ad9\" data-element_type=\"widget\" data-settings=\"{&quot;_animation&quot;:&quot;fadeInLeft&quot;}\" data-widget_type=\"heading.default\">\n\t\t\t\t<div class=\"elementor-widget-container\">\n\t\t\t\t\t<h2 class=\"elementor-heading-title elementor-size-default\">Who we are<\/h2>\t\t\t\t<\/div>\n\t\t\t\t<\/div>\n\t\t\t\t<div class=\"elementor-element elementor-element-2d29f651 elementor-invisible elementor-widget elementor-widget-heading\" data-id=\"2d29f651\" data-element_type=\"widget\" data-settings=\"{&quot;_animation&quot;:&quot;fadeInLeft&quot;}\" data-widget_type=\"heading.default\">\n\t\t\t\t<div class=\"elementor-widget-container\">\n\t\t\t\t\t<h2 class=\"elementor-heading-title elementor-size-default\">We install comfort, with technology and reliability.<\/h2>\t\t\t\t<\/div>\n\t\t\t\t<\/div>\n\t\t\t\t<div class=\"elementor-element elementor-element-b8595c2 elementor-invisible elementor-widget elementor-widget-text-editor\" data-id=\"b8595c2\" data-element_type=\"widget\" data-settings=\"{&quot;_animation&quot;:&quot;fadeInLeft&quot;}\" data-widget_type=\"text-editor.default\">\n\t\t\t\t<div class=\"elementor-widget-container\">\n\t\t\t\t\t\t\t\t\t<p data-start=\"152\" data-end=\"581\" class=\"translation-block\"><strong data-start=\"154\" data-end=\"178\">Tech A\u00e7or \u2013 Solu\u00e7\u00f5es<\/strong> is a company based on the island of Faial, in the Azores, with specialized activity in the areas of <strong data-start=\"292\" data-end=\"400\">air conditioning, electrical installations, and integrated technical solutions for civil construction<\/strong>. We assume a firm commitment to <strong data-start=\"439\" data-end=\"480\">quality, safety and efficiency<\/strong>, combining technology with a practical approach, focused on the real needs of each client.<\/p><p data-start=\"583\" data-end=\"1003\">Prestamos um servi\u00e7o completo, desde o estudo e planeamento \u00e0 execu\u00e7\u00e3o e manuten\u00e7\u00e3o, sempre com <strong data-start=\"723\" data-end=\"801\">profissionalismo, celeridade e rigor no cumprimento de prazos e or\u00e7amentos<\/strong>. O nosso modelo de atua\u00e7\u00e3o privilegia o <strong data-start=\"842\" data-end=\"882\">acompanhamento t\u00e9cnico personalizado<\/strong>, garantindo que cada projeto, por mais simples ou complexo, seja executado com total transpar\u00eancia e aten\u00e7\u00e3o ao detalhe.<\/p><p data-start=\"1005\" data-end=\"1294\" class=\"translation-block\">We work on <strong data-start=\"1019\" data-end=\"1064\">residential, commercial and public works<\/strong>, offering solutions adapted to each context. We follow demanding installation standards and bet on sustainable methodologies that value the comfort and energy efficiency of spaces.<\/p><p data-start=\"1296\" data-end=\"1420\" class=\"translation-block\">At Tech A\u00e7or, we install more than equipment, <strong data-start=\"1348\" data-end=\"1420\">we install confidence, peace of mind and technical innovation in each project.<\/strong><\/p>\t\t\t\t\t\t\t\t<\/div>\n\t\t\t\t<\/div>\n\t\t\t\t<div class=\"elementor-element elementor-element-3808961 elementor-widget-divider--view-line elementor-invisible elementor-widget elementor-widget-divider\" data-id=\"3808961\" data-element_type=\"widget\" data-settings=\"{&quot;_animation&quot;:&quot;fadeInLeft&quot;}\" data-widget_type=\"divider.default\">\n\t\t\t\t<div class=\"elementor-widget-container\">\n\t\t\t\t\t\t\t<div class=\"elementor-divider\">\n\t\t\t<span class=\"elementor-divider-separator\">\n\t\t\t\t\t\t<\/span>\n\t\t<\/div>\n\t\t\t\t\t\t<\/div>\n\t\t\t\t<\/div>\n\t\t\t\t<div class=\"elementor-element elementor-element-2b857913 elementor-invisible elementor-widget elementor-widget-heading\" data-id=\"2b857913\" data-element_type=\"widget\" data-settings=\"{&quot;_animation&quot;:&quot;fadeInLeft&quot;}\" data-widget_type=\"heading.default\">\n\t\t\t\t<div class=\"elementor-widget-container\">\n\t\t\t\t\t<h2 class=\"elementor-heading-title elementor-size-default\">Benefits<\/h2>\t\t\t\t<\/div>\n\t\t\t\t<\/div>\n\t\t\t\t<div class=\"elementor-element elementor-element-ab67aeb elementor-icon-list--layout-traditional elementor-list-item-link-full_width elementor-invisible elementor-widget elementor-widget-icon-list\" data-id=\"ab67aeb\" data-element_type=\"widget\" data-settings=\"{&quot;_animation&quot;:&quot;fadeInLeft&quot;}\" data-widget_type=\"icon-list.default\">\n\t\t\t\t<div class=\"elementor-widget-container\">\n\t\t\t\t\t\t\t<ul class=\"elementor-icon-list-items\">\n\t\t\t\t\t\t\t<li class=\"elementor-icon-list-item\">\n\t\t\t\t\t\t\t\t\t\t\t<span class=\"elementor-icon-list-icon\">\n\t\t\t\t\t\t\t<i aria-hidden=\"true\" class=\"icon icon-arrow-right-circle\"><\/i>\t\t\t\t\t\t<\/span>\n\t\t\t\t\t\t\t\t\t\t<span class=\"elementor-icon-list-text\">Quick, no-obligation quotes.<\/span>\n\t\t\t\t\t\t\t\t\t<\/li>\n\t\t\t\t\t\t\t\t<li class=\"elementor-icon-list-item\">\n\t\t\t\t\t\t\t\t\t\t\t<span class=\"elementor-icon-list-icon\">\n\t\t\t\t\t\t\t<i aria-hidden=\"true\" class=\"ti-arrow-circle-right\"><\/i>\t\t\t\t\t\t<\/span>\n\t\t\t\t\t\t\t\t\t\t<span class=\"elementor-icon-list-text\">Certified technical team.<\/span>\n\t\t\t\t\t\t\t\t\t<\/li>\n\t\t\t\t\t\t\t\t<li class=\"elementor-icon-list-item\">\n\t\t\t\t\t\t\t\t\t\t\t<span class=\"elementor-icon-list-icon\">\n\t\t\t\t\t\t\t<i aria-hidden=\"true\" class=\"icon icon-arrow-right-circle\"><\/i>\t\t\t\t\t\t<\/span>\n\t\t\t\t\t\t\t\t\t\t<span class=\"elementor-icon-list-text\">Local service and personalized support.<\/span>\n\t\t\t\t\t\t\t\t\t<\/li>\n\t\t\t\t\t\t\t\t<li class=\"elementor-icon-list-item\">\n\t\t\t\t\t\t\t\t\t\t\t<span class=\"elementor-icon-list-icon\">\n\t\t\t\t\t\t\t<i aria-hidden=\"true\" class=\"icon icon-arrow-right-circle\"><\/i>\t\t\t\t\t\t<\/span>\n\t\t\t\t\t\t\t\t\t\t<span class=\"elementor-icon-list-text\"> Experience in residential and commercial construction projects.<\/span>\n\t\t\t\t\t\t\t\t\t<\/li>\n\t\t\t\t\t\t<\/ul>\n\t\t\t\t\t\t<\/div>\n\t\t\t\t<\/div>\n\t\t\t\t<div class=\"elementor-element elementor-element-8e08660 elementor-invisible elementor-widget elementor-widget-button\" data-id=\"8e08660\" data-element_type=\"widget\" data-settings=\"{&quot;_animation&quot;:&quot;fadeInLeft&quot;}\" data-widget_type=\"button.default\">\n\t\t\t\t<div class=\"elementor-widget-container\">\n\t\t\t\t\t\t\t\t\t<div class=\"elementor-button-wrapper\">\n\t\t\t\t\t<a class=\"elementor-button elementor-button-link elementor-size-sm\" href=\"mailto:techacor.s@gmail.com\">\n\t\t\t\t\t\t<span class=\"elementor-button-content-wrapper\">\n\t\t\t\t\t\t\t\t\t<span class=\"elementor-button-text\">CONTACT US<\/span>\n\t\t\t\t\t<\/span>\n\t\t\t\t\t<\/a>\n\t\t\t\t<\/div>\n\t\t\t\t\t\t\t\t<\/div>\n\t\t\t\t<\/div>\n\t\t\t\t<\/div>\n\t\t<div class=\"elementor-element elementor-element-48d21830 e-con-full elementor-hidden-mobile e-flex e-con e-child\" data-id=\"48d21830\" data-element_type=\"container\">\n\t\t\t\t<div class=\"elementor-element elementor-element-db790dc elementor-invisible elementor-widget elementor-widget-image\" data-id=\"db790dc\" data-element_type=\"widget\" data-settings=\"{&quot;_animation&quot;:&quot;zoomIn&quot;}\" data-widget_type=\"image.default\">\n\t\t\t\t<div class=\"elementor-widget-container\">\n\t\t\t\t\t\t\t\t\t\t\t\t\t\t\t<img fetchpriority=\"high\" decoding=\"async\" width=\"800\" height=\"364\" src=\"https:\/\/techacor.pt\/wp-content\/uploads\/2025\/07\/techacor-logo-vertical_perfil2-scaled-e1751897597993-1024x466.png\" class=\"attachment-large size-large wp-image-1391\" alt=\"\" srcset=\"https:\/\/techacor.pt\/wp-content\/uploads\/2025\/07\/techacor-logo-vertical_perfil2-scaled-e1751897597993-1024x466.png 1024w, https:\/\/techacor.pt\/wp-content\/uploads\/2025\/07\/techacor-logo-vertical_perfil2-scaled-e1751897597993-300x137.png 300w, https:\/\/techacor.pt\/wp-content\/uploads\/2025\/07\/techacor-logo-vertical_perfil2-scaled-e1751897597993-768x350.png 768w, https:\/\/techacor.pt\/wp-content\/uploads\/2025\/07\/techacor-logo-vertical_perfil2-scaled-e1751897597993-1536x699.png 1536w, https:\/\/techacor.pt\/wp-content\/uploads\/2025\/07\/techacor-logo-vertical_perfil2-scaled-e1751897597993-2048x932.png 2048w\" sizes=\"(max-width: 800px) 100vw, 800px\" \/>\t\t\t\t\t\t\t\t\t\t\t\t\t\t\t<\/div>\n\t\t\t\t<\/div>\n\t\t\t\t<div class=\"elementor-element elementor-element-14aac95 elementor-invisible elementor-widget elementor-widget-image\" data-id=\"14aac95\" data-element_type=\"widget\" data-settings=\"{&quot;_animation&quot;:&quot;zoomIn&quot;}\" data-widget_type=\"image.default\">\n\t\t\t\t<div class=\"elementor-widget-container\">\n\t\t\t\t\t\t\t\t\t\t\t\t\t\t\t<img decoding=\"async\" width=\"800\" height=\"534\" src=\"https:\/\/techacor.pt\/wp-content\/uploads\/2025\/07\/climatizacao-1024x683.webp\" class=\"attachment-large size-large wp-image-1395\" alt=\"\" srcset=\"https:\/\/techacor.pt\/wp-content\/uploads\/2025\/07\/climatizacao-1024x683.webp 1024w, https:\/\/techacor.pt\/wp-content\/uploads\/2025\/07\/climatizacao-300x200.webp 300w, https:\/\/techacor.pt\/wp-content\/uploads\/2025\/07\/climatizacao-768x512.webp 768w, https:\/\/techacor.pt\/wp-content\/uploads\/2025\/07\/climatizacao.webp 1323w\" sizes=\"(max-width: 800px) 100vw, 800px\" \/>\t\t\t\t\t\t\t\t\t\t\t\t\t\t\t<\/div>\n\t\t\t\t<\/div>\n\t\t\t\t<\/div>\n\t\t\t\t<\/div>\n\t\t<div class=\"elementor-element elementor-element-68f7a497 e-flex e-con-boxed e-con e-parent\" data-id=\"68f7a497\" data-element_type=\"container\" data-settings=\"{&quot;background_background&quot;:&quot;classic&quot;}\">\n\t\t\t\t\t<div class=\"e-con-inner\">\n\t\t\t\t<div class=\"elementor-element elementor-element-62a58f3 elementor-shape-rounded elementor-grid-0 e-grid-align-center elementor-widget elementor-widget-social-icons\" data-id=\"62a58f3\" data-element_type=\"widget\" data-widget_type=\"social-icons.default\">\n\t\t\t\t<div class=\"elementor-widget-container\">\n\t\t\t\t\t\t\t<div class=\"elementor-social-icons-wrapper elementor-grid\" role=\"list\">\n\t\t\t\t\t\t\t<span class=\"elementor-grid-item\" role=\"listitem\">\n\t\t\t\t\t<a class=\"elementor-icon elementor-social-icon elementor-social-icon-facebook elementor-animation-bounce-in elementor-repeater-item-3f8fdf0\" target=\"_blank\">\n\t\t\t\t\t\t<span class=\"elementor-screen-only\">Facebook<\/span>\n\t\t\t\t\t\t<svg class=\"e-font-icon-svg e-fab-facebook\" viewbox=\"0 0 512 512\" xmlns=\"http:\/\/www.w3.org\/2000\/svg\"><path d=\"M504 256C504 119 393 8 256 8S8 119 8 256c0 123.78 90.69 226.38 209.25 245V327.69h-63V256h63v-54.64c0-62.15 37-96.48 93.67-96.48 27.14 0 55.52 4.84 55.52 4.84v61h-31.28c-30.8 0-40.41 19.12-40.41 38.73V256h68.78l-11 71.69h-57.78V501C413.31 482.38 504 379.78 504 256z\"><\/path><\/svg>\t\t\t\t\t<\/a>\n\t\t\t\t<\/span>\n\t\t\t\t\t\t\t<span class=\"elementor-grid-item\" role=\"listitem\">\n\t\t\t\t\t<a class=\"elementor-icon elementor-social-icon elementor-social-icon-instagram elementor-animation-bounce-in elementor-repeater-item-6577e02\" target=\"_blank\">\n\t\t\t\t\t\t<span class=\"elementor-screen-only\">Instagram<\/span>\n\t\t\t\t\t\t<svg class=\"e-font-icon-svg e-fab-instagram\" viewbox=\"0 0 448 512\" xmlns=\"http:\/\/www.w3.org\/2000\/svg\"><path d=\"M224.1 141c-63.6 0-114.9 51.3-114.9 114.9s51.3 114.9 114.9 114.9S339 319.5 339 255.9 287.7 141 224.1 141zm0 189.6c-41.1 0-74.7-33.5-74.7-74.7s33.5-74.7 74.7-74.7 74.7 33.5 74.7 74.7-33.6 74.7-74.7 74.7zm146.4-194.3c0 14.9-12 26.8-26.8 26.8-14.9 0-26.8-12-26.8-26.8s12-26.8 26.8-26.8 26.8 12 26.8 26.8zm76.1 27.2c-1.7-35.9-9.9-67.7-36.2-93.9-26.2-26.2-58-34.4-93.9-36.2-37-2.1-147.9-2.1-184.9 0-35.8 1.7-67.6 9.9-93.9 36.1s-34.4 58-36.2 93.9c-2.1 37-2.1 147.9 0 184.9 1.7 35.9 9.9 67.7 36.2 93.9s58 34.4 93.9 36.2c37 2.1 147.9 2.1 184.9 0 35.9-1.7 67.7-9.9 93.9-36.2 26.2-26.2 34.4-58 36.2-93.9 2.1-37 2.1-147.8 0-184.8zM398.8 388c-7.8 19.6-22.9 34.7-42.6 42.6-29.5 11.7-99.5 9-132.1 9s-102.7 2.6-132.1-9c-19.6-7.8-34.7-22.9-42.6-42.6-11.7-29.5-9-99.5-9-132.1s-2.6-102.7 9-132.1c7.8-19.6 22.9-34.7 42.6-42.6 29.5-11.7 99.5-9 132.1-9s102.7-2.6 132.1 9c19.6 7.8 34.7 22.9 42.6 42.6 11.7 29.5 9 99.5 9 132.1s2.7 102.7-9 132.1z\"><\/path><\/svg>\t\t\t\t\t<\/a>\n\t\t\t\t<\/span>\n\t\t\t\t\t<\/div>\n\t\t\t\t\t\t<\/div>\n\t\t\t\t<\/div>\n\t\t\t\t\t<\/div>\n\t\t\t\t<\/div>\n\t\t\t\t<\/div>","protected":false},"excerpt":{"rendered":"<p>Sobre-n\u00f3s Quem Somos Instalamos conforto, com tecnologia e confian\u00e7a. A Tech A\u00e7or \u2013 Solu\u00e7\u00f5es \u00e9 uma empresa sediada na ilha do Faial, nos A\u00e7ores, com atua\u00e7\u00e3o especializada nas \u00e1reas de climatiza\u00e7\u00e3o, instala\u00e7\u00f5es el\u00e9tricas, e solu\u00e7\u00f5es t\u00e9cnicas integradas para a constru\u00e7\u00e3o civil. Assumimos um compromisso firme com a qualidade, a seguran\u00e7a e a efici\u00eancia, aliando tecnologia [&hellip;]<\/p>","protected":false},"author":1,"featured_media":0,"parent":0,"menu_order":0,"comment_status":"closed","ping_status":"closed","template":"elementor_header_footer","meta":{"footnotes":""},"class_list":["post-998","page","type-page","status-publish","hentry"],"yoast_head":"<!-- This site is optimized with the Yoast SEO Premium plugin v21.3 (Yoast SEO v21.3) - https:\/\/yoast.com\/wordpress\/plugins\/seo\/ -->\n<title>SOBRE - Tech A\u00e7or - Climatiza\u00e7\u00e3o no Faial<\/title>\n<meta name=\"description\" content=\"Sediada no Faial com atua\u00e7\u00e3o nas \u00e1reas de climatiza\u00e7\u00e3o, instala\u00e7\u00f5es el\u00e9tricas, e solu\u00e7\u00f5es t\u00e9cnicas integradas para a constru\u00e7\u00e3o civil.\" \/>\n<meta name=\"robots\" content=\"index, follow, max-snippet:-1, max-image-preview:large, max-video-preview:-1\" \/>\n<link rel=\"canonical\" href=\"https:\/\/techacor.pt\/en\/sobre\/\" \/>\n<meta property=\"og:locale\" content=\"en_GB\" \/>\n<meta property=\"og:type\" content=\"article\" \/>\n<meta property=\"og:title\" content=\"SOBRE\" \/>\n<meta property=\"og:description\" content=\"Sediada no Faial com atua\u00e7\u00e3o nas \u00e1reas de climatiza\u00e7\u00e3o, instala\u00e7\u00f5es el\u00e9tricas, e solu\u00e7\u00f5es t\u00e9cnicas integradas para a constru\u00e7\u00e3o civil.\" \/>\n<meta property=\"og:url\" content=\"https:\/\/techacor.pt\/en\/sobre\/\" \/>\n<meta property=\"og:site_name\" content=\"Tech A\u00e7or\" \/>\n<meta property=\"article:publisher\" content=\"https:\/\/www.facebook.com\/profile.php?id=61576786123687\" \/>\n<meta property=\"article:modified_time\" content=\"2025-11-25T16:21:52+00:00\" \/>\n<meta property=\"og:image\" content=\"https:\/\/techacor.pt\/wp-content\/uploads\/2025\/07\/techacor-logo-vertical_perfil2-scaled-e1751897597993-1024x466.png\" \/>\n<meta name=\"twitter:card\" content=\"summary_large_image\" \/>\n<meta name=\"twitter:label1\" content=\"Estimated reading time\" \/>\n\t<meta name=\"twitter:data1\" content=\"2 minutes\" \/>\n<script type=\"application\/ld+json\" class=\"yoast-schema-graph\">{\"@context\":\"https:\/\/schema.org\",\"@graph\":[{\"@type\":\"WebPage\",\"@id\":\"https:\/\/techacor.pt\/sobre\/\",\"url\":\"https:\/\/techacor.pt\/sobre\/\",\"name\":\"SOBRE - Tech A\u00e7or - Climatiza\u00e7\u00e3o no Faial\",\"isPartOf\":{\"@id\":\"https:\/\/techacor.pt\/#website\"},\"datePublished\":\"2025-07-02T11:22:17+00:00\",\"dateModified\":\"2025-11-25T16:21:52+00:00\",\"description\":\"Sediada no Faial com atua\u00e7\u00e3o nas \u00e1reas de climatiza\u00e7\u00e3o, instala\u00e7\u00f5es el\u00e9tricas, e solu\u00e7\u00f5es t\u00e9cnicas integradas para a constru\u00e7\u00e3o civil.\",\"breadcrumb\":{\"@id\":\"https:\/\/techacor.pt\/sobre\/#breadcrumb\"},\"inLanguage\":\"en-GB\",\"potentialAction\":[{\"@type\":\"ReadAction\",\"target\":[\"https:\/\/techacor.pt\/sobre\/\"]}]},{\"@type\":\"BreadcrumbList\",\"@id\":\"https:\/\/techacor.pt\/sobre\/#breadcrumb\",\"itemListElement\":[{\"@type\":\"ListItem\",\"position\":1,\"name\":\"Home\",\"item\":\"https:\/\/techacor.pt\/\"},{\"@type\":\"ListItem\",\"position\":2,\"name\":\"SOBRE\"}]},{\"@type\":\"WebSite\",\"@id\":\"https:\/\/techacor.pt\/#website\",\"url\":\"https:\/\/techacor.pt\/\",\"name\":\"Tech A\u00e7or\",\"description\":\"Tecnologia e conforto para a sua casa ou empresa.\",\"publisher\":{\"@id\":\"https:\/\/techacor.pt\/#organization\"},\"potentialAction\":[{\"@type\":\"SearchAction\",\"target\":{\"@type\":\"EntryPoint\",\"urlTemplate\":\"https:\/\/techacor.pt\/?s={search_term_string}\"},\"query-input\":\"required name=search_term_string\"}],\"inLanguage\":\"en-GB\"},{\"@type\":\"Organization\",\"@id\":\"https:\/\/techacor.pt\/#organization\",\"name\":\"Vitor Manuel Silveira, Unipessoal Lda\",\"alternateName\":\"Vitor Manuel Silveira\",\"url\":\"https:\/\/techacor.pt\/\",\"logo\":{\"@type\":\"ImageObject\",\"inLanguage\":\"en-GB\",\"@id\":\"https:\/\/techacor.pt\/#\/schema\/logo\/image\/\",\"url\":\"https:\/\/techacor.pt\/wp-content\/uploads\/2025\/07\/cropped-techacor-logo-vertical_perfil2-scaled-e1751897597993.png\",\"contentUrl\":\"https:\/\/techacor.pt\/wp-content\/uploads\/2025\/07\/cropped-techacor-logo-vertical_perfil2-scaled-e1751897597993.png\",\"width\":512,\"height\":512,\"caption\":\"Vitor Manuel Silveira, Unipessoal Lda\"},\"image\":{\"@id\":\"https:\/\/techacor.pt\/#\/schema\/logo\/image\/\"},\"sameAs\":[\"https:\/\/www.facebook.com\/profile.php?id=61576786123687\",\"https:\/\/www.instagram.com\/techacor.solucoes\/\"]}]}<\/script>\n<!-- \/ Yoast SEO Premium plugin. -->","yoast_head_json":{"title":"SOBRE - Tech A\u00e7or - Climatiza\u00e7\u00e3o no Faial","description":"Sediada no Faial com atua\u00e7\u00e3o nas \u00e1reas de climatiza\u00e7\u00e3o, instala\u00e7\u00f5es el\u00e9tricas, e solu\u00e7\u00f5es t\u00e9cnicas integradas para a constru\u00e7\u00e3o civil.","robots":{"index":"index","follow":"follow","max-snippet":"max-snippet:-1","max-image-preview":"max-image-preview:large","max-video-preview":"max-video-preview:-1"},"canonical":"https:\/\/techacor.pt\/en\/sobre\/","og_locale":"en_GB","og_type":"article","og_title":"SOBRE","og_description":"Sediada no Faial com atua\u00e7\u00e3o nas \u00e1reas de climatiza\u00e7\u00e3o, instala\u00e7\u00f5es el\u00e9tricas, e solu\u00e7\u00f5es t\u00e9cnicas integradas para a constru\u00e7\u00e3o civil.","og_url":"https:\/\/techacor.pt\/en\/sobre\/","og_site_name":"Tech A\u00e7or","article_publisher":"https:\/\/www.facebook.com\/profile.php?id=61576786123687","article_modified_time":"2025-11-25T16:21:52+00:00","og_image":[{"url":"https:\/\/techacor.pt\/wp-content\/uploads\/2025\/07\/techacor-logo-vertical_perfil2-scaled-e1751897597993-1024x466.png"}],"twitter_card":"summary_large_image","twitter_misc":{"Estimated reading time":"2 minutes"},"schema":{"@context":"https:\/\/schema.org","@graph":[{"@type":"WebPage","@id":"https:\/\/techacor.pt\/sobre\/","url":"https:\/\/techacor.pt\/sobre\/","name":"SOBRE - Tech A\u00e7or - Climatiza\u00e7\u00e3o no Faial","isPartOf":{"@id":"https:\/\/techacor.pt\/#website"},"datePublished":"2025-07-02T11:22:17+00:00","dateModified":"2025-11-25T16:21:52+00:00","description":"Sediada no Faial com atua\u00e7\u00e3o nas \u00e1reas de climatiza\u00e7\u00e3o, instala\u00e7\u00f5es el\u00e9tricas, e solu\u00e7\u00f5es t\u00e9cnicas integradas para a constru\u00e7\u00e3o civil.","breadcrumb":{"@id":"https:\/\/techacor.pt\/sobre\/#breadcrumb"},"inLanguage":"en-GB","potentialAction":[{"@type":"ReadAction","target":["https:\/\/techacor.pt\/sobre\/"]}]},{"@type":"BreadcrumbList","@id":"https:\/\/techacor.pt\/sobre\/#breadcrumb","itemListElement":[{"@type":"ListItem","position":1,"name":"Home","item":"https:\/\/techacor.pt\/"},{"@type":"ListItem","position":2,"name":"SOBRE"}]},{"@type":"WebSite","@id":"https:\/\/techacor.pt\/#website","url":"https:\/\/techacor.pt\/","name":"Tech A\u00e7or","description":"Tecnologia e conforto para a sua casa ou empresa.","publisher":{"@id":"https:\/\/techacor.pt\/#organization"},"potentialAction":[{"@type":"SearchAction","target":{"@type":"EntryPoint","urlTemplate":"https:\/\/techacor.pt\/?s={search_term_string}"},"query-input":"required name=search_term_string"}],"inLanguage":"en-GB"},{"@type":"Organization","@id":"https:\/\/techacor.pt\/#organization","name":"Vitor Manuel Silveira, Unipessoal Lda","alternateName":"Vitor Manuel Silveira","url":"https:\/\/techacor.pt\/","logo":{"@type":"ImageObject","inLanguage":"en-GB","@id":"https:\/\/techacor.pt\/#\/schema\/logo\/image\/","url":"https:\/\/techacor.pt\/wp-content\/uploads\/2025\/07\/cropped-techacor-logo-vertical_perfil2-scaled-e1751897597993.png","contentUrl":"https:\/\/techacor.pt\/wp-content\/uploads\/2025\/07\/cropped-techacor-logo-vertical_perfil2-scaled-e1751897597993.png","width":512,"height":512,"caption":"Vitor Manuel Silveira, Unipessoal Lda"},"image":{"@id":"https:\/\/techacor.pt\/#\/schema\/logo\/image\/"},"sameAs":["https:\/\/www.facebook.com\/profile.php?id=61576786123687","https:\/\/www.instagram.com\/techacor.solucoes\/"]}]}},"_links":{"self":[{"href":"https:\/\/techacor.pt\/en\/wp-json\/wp\/v2\/pages\/998","targetHints":{"allow":["GET"]}}],"collection":[{"href":"https:\/\/techacor.pt\/en\/wp-json\/wp\/v2\/pages"}],"about":[{"href":"https:\/\/techacor.pt\/en\/wp-json\/wp\/v2\/types\/page"}],"author":[{"embeddable":true,"href":"https:\/\/techacor.pt\/en\/wp-json\/wp\/v2\/users\/1"}],"replies":[{"embeddable":true,"href":"https:\/\/techacor.pt\/en\/wp-json\/wp\/v2\/comments?post=998"}],"version-history":[{"count":55,"href":"https:\/\/techacor.pt\/en\/wp-json\/wp\/v2\/pages\/998\/revisions"}],"predecessor-version":[{"id":1605,"href":"https:\/\/techacor.pt\/en\/wp-json\/wp\/v2\/pages\/998\/revisions\/1605"}],"wp:attachment":[{"href":"https:\/\/techacor.pt\/en\/wp-json\/wp\/v2\/media?parent=998"}],"curies":[{"name":"wp","href":"https:\/\/api.w.org\/{rel}","templated":true}]}}